{"id":7,"date":"2018-02-20T00:47:44","date_gmt":"2018-02-19T22:47:44","guid":{"rendered":"http:\/\/www.kinderbauernhof-pinke-panke.de\/asp\/?page_id=7"},"modified":"2024-06-06T12:12:34","modified_gmt":"2024-06-06T10:12:34","slug":"spenden","status":"publish","type":"page","link":"http:\/\/www.kinderbauernhof-pinke-panke.de\/asp\/?page_id=7","title":{"rendered":"Spenden"},"content":{"rendered":"<p>Liebe Interessentinnen und Interessenten, liebe F\u00f6rderinnen und F\u00f6rderer!Der Verein SPIELRAUM Pankow e.V. arbeitet gemeinn\u00fctzig.<br \/>\nDaher ist er neben der staatlichen Jugendf\u00f6rderung, auch dringend auf Spenden f\u00fcr den laufenden Betrieb, als auch f\u00fcr einzelne Projekte, angewiesen.<br \/>\nUm Eltern und Freunden des ASP FranzB und weiteren gesch\u00e4ftsf\u00e4higen Rechtspersonen die M\u00f6glichkeit zu geben die Projekte auf dem ASP FranzB auch finanziell unterst\u00fctzen zu k\u00f6nnen, wurde das nachstehende Spendenkonto bei unserem Tr\u00e4ger- Verein SPIELRAUM Pankow e.V. eingerichtet.<\/p>\n<p>Wir freuen uns und danken f\u00fcr ihr Interesse und ihre Unterst\u00fctzung.<\/p>\n<p>Das ASP Team.<\/p>\n<p><b>Spendenkonto:<\/b><br \/>\nSPIELRAUM Pankow e.V.<br \/>\n<strong>DE 95 1001001000 57715103<\/strong><br \/>\n<strong>BIC PBNKDEFF<\/strong> (Postbank Berlin)<br \/>\nVerwendungszweck : Spende an ASP FranzB. von Ihr Name<\/p>\n<p><b>Spenden Info:<\/b><br \/>\nEs k\u00f6nnen \u00fcber den Verein vom Finanzamt anerkannte Spendenbescheinigungen ausgestellt werden.<br \/>\nWenn Sie eine Spendenquittung w\u00fcnschen, teilen sie uns bitte ihre Anschrift und den angegebenen Verwendungszweck mit, da auf den Buchungsvermerken die Adresse oft nicht angegeben ist.<br \/>\nDiese k\u00f6nnen sie uns <strong><a title=\"Kontakt\" href=\"http:\/\/www.kinderbauernhof-pinke-panke.de\/asp\/?page_id=172\"><span style=\"color: #ff0000;\">&gt; per Email &lt;<\/span><\/a><\/strong> zukommen lassen.<br \/>\nVielen Dank<\/p>\n<p><a href=\"http:\/\/www.kinderbauernhof-pinke-panke.de\/asp\/wp-content\/uploads\/2014\/07\/ASP-LOGO-blau.jpg\"><img loading=\"lazy\" decoding=\"async\" class=\"aligncenter wp-image-395 size-medium\" src=\"http:\/\/www.kinderbauernhof-pinke-panke.de\/asp\/wp-content\/uploads\/2014\/07\/ASP-LOGO-blau-300x108.jpg\" alt=\"ASP Logo\" width=\"300\" height=\"108\" srcset=\"http:\/\/www.kinderbauernhof-pinke-panke.de\/asp\/wp-content\/uploads\/2014\/07\/ASP-LOGO-blau-300x108.jpg 300w, http:\/\/www.kinderbauernhof-pinke-panke.de\/asp\/wp-content\/uploads\/2014\/07\/ASP-LOGO-blau.jpg 312w\" sizes=\"auto, (max-width: 300px) 100vw, 300px\" \/><\/a><\/p>\n<p>Der ASP FranzB geh\u00f6rt zum Verein SPIELRAUM Pankow e.V.<\/p>\n<p><a href=\"http:\/\/www.kinderbauernhof-pinke-panke.de\/asp\/wp-content\/uploads\/2014\/06\/Spielraum_Logo-ASP-Seite1.jpg\"><img loading=\"lazy\" decoding=\"async\" class=\"aligncenter size-full wp-image-213\" src=\"http:\/\/www.kinderbauernhof-pinke-panke.de\/asp\/wp-content\/uploads\/2014\/06\/Spielraum_Logo-ASP-Seite1.jpg\" alt=\"\" width=\"312\" height=\"113\" srcset=\"http:\/\/www.kinderbauernhof-pinke-panke.de\/asp\/wp-content\/uploads\/2014\/06\/Spielraum_Logo-ASP-Seite1.jpg 312w, http:\/\/www.kinderbauernhof-pinke-panke.de\/asp\/wp-content\/uploads\/2014\/06\/Spielraum_Logo-ASP-Seite1-300x108.jpg 300w\" sizes=\"auto, (max-width: 312px) 100vw, 312px\" \/><\/a><br \/>\nDer Verein SPIELRAUM Pankow e.V. ist Mitglied im:<br \/>\n<a href=\"http:\/\/www.kinderbauernhof-pinke-panke.de\/asp\/wp-content\/uploads\/2014\/06\/akib_Logo-ASP-Seite.jpg\"><img loading=\"lazy\" decoding=\"async\" class=\"aligncenter size-medium wp-image-198\" src=\"http:\/\/www.kinderbauernhof-pinke-panke.de\/asp\/wp-content\/uploads\/2014\/06\/akib_Logo-ASP-Seite-300x108.jpg\" alt=\"akib_Logo-ASP-Seite\" width=\"300\" height=\"108\" srcset=\"http:\/\/www.kinderbauernhof-pinke-panke.de\/asp\/wp-content\/uploads\/2014\/06\/akib_Logo-ASP-Seite-300x108.jpg 300w, http:\/\/www.kinderbauernhof-pinke-panke.de\/asp\/wp-content\/uploads\/2014\/06\/akib_Logo-ASP-Seite.jpg 312w\" sizes=\"auto, (max-width: 300px) 100vw, 300px\" \/><\/a><a href=\"http:\/\/www.kinderbauernhof-pinke-panke.de\/asp\/wp-content\/uploads\/2014\/06\/bdja-Bund_Logo-ASP-Seite.jpg\"><img loading=\"lazy\" decoding=\"async\" class=\"aligncenter size-medium wp-image-199\" src=\"http:\/\/www.kinderbauernhof-pinke-panke.de\/asp\/wp-content\/uploads\/2014\/06\/bdja-Bund_Logo-ASP-Seite-300x105.jpg\" alt=\"bdja-Bund_Logo-ASP-Seite\" width=\"300\" height=\"105\" srcset=\"http:\/\/www.kinderbauernhof-pinke-panke.de\/asp\/wp-content\/uploads\/2014\/06\/bdja-Bund_Logo-ASP-Seite-300x105.jpg 300w, http:\/\/www.kinderbauernhof-pinke-panke.de\/asp\/wp-content\/uploads\/2014\/06\/bdja-Bund_Logo-ASP-Seite.jpg 321w\" sizes=\"auto, (max-width: 300px) 100vw, 300px\" \/><\/a><\/p>\n","protected":false},"excerpt":{"rendered":"<p>Liebe Interessentinnen und Interessenten, liebe F\u00f6rderinnen und F\u00f6rderer!Der Verein SPIELRAUM Pankow e.V. arbeitet gemeinn\u00fctzig. Daher ist er neben der staatlichen Jugendf\u00f6rderung, auch dringend auf Spenden f\u00fcr den laufenden Betrieb, als auch f\u00fcr einzelne Projekte, angewiesen. Um Eltern und Freunden des ASP FranzB und weiteren gesch\u00e4ftsf\u00e4higen Rechtspersonen die M\u00f6glichkeit zu geben die Projekte auf dem ASP [&hellip;]<\/p>\n","protected":false},"author":1,"featured_media":0,"parent":0,"menu_order":0,"comment_status":"closed","ping_status":"closed","template":"","meta":{"footnotes":""},"class_list":["post-7","page","type-page","status-publish","hentry"],"_links":{"self":[{"href":"http:\/\/www.kinderbauernhof-pinke-panke.de\/asp\/index.php?rest_route=\/wp\/v2\/pages\/7","targetHints":{"allow":["GET"]}}],"collection":[{"href":"http:\/\/www.kinderbauernhof-pinke-panke.de\/asp\/index.php?rest_route=\/wp\/v2\/pages"}],"about":[{"href":"http:\/\/www.kinderbauernhof-pinke-panke.de\/asp\/index.php?rest_route=\/wp\/v2\/types\/page"}],"author":[{"embeddable":true,"href":"http:\/\/www.kinderbauernhof-pinke-panke.de\/asp\/index.php?rest_route=\/wp\/v2\/users\/1"}],"replies":[{"embeddable":true,"href":"http:\/\/www.kinderbauernhof-pinke-panke.de\/asp\/index.php?rest_route=%2Fwp%2Fv2%2Fcomments&post=7"}],"version-history":[{"count":34,"href":"http:\/\/www.kinderbauernhof-pinke-panke.de\/asp\/index.php?rest_route=\/wp\/v2\/pages\/7\/revisions"}],"predecessor-version":[{"id":4251,"href":"http:\/\/www.kinderbauernhof-pinke-panke.de\/asp\/index.php?rest_route=\/wp\/v2\/pages\/7\/revisions\/4251"}],"wp:attachment":[{"href":"http:\/\/www.kinderbauernhof-pinke-panke.de\/asp\/index.php?rest_route=%2Fwp%2Fv2%2Fmedia&parent=7"}],"curies":[{"name":"wp","href":"https:\/\/api.w.org\/{rel}","templated":true}]}}