{"id":5,"date":"2018-05-02T12:30:50","date_gmt":"2018-05-02T10:30:50","guid":{"rendered":"http:\/\/www.kinderbauernhof-pinke-panke.de\/asp\/?page_id=5"},"modified":"2018-05-04T14:50:31","modified_gmt":"2018-05-04T12:50:31","slug":"impressum","status":"publish","type":"page","link":"http:\/\/www.kinderbauernhof-pinke-panke.de\/asp\/?page_id=5","title":{"rendered":"Impressum"},"content":{"rendered":"<p>Impressum, Nutzungsbestimmungen, Haftungsausschluss, Datenschutzerkl\u00e4rung und Urheberrechte<\/p>\n<hr width=\"660\" \/>\n<p><b>Kinderbauernhof Pinke-Panke \/ ASP Franz B.<\/b><br \/>\nLeiterin: Frau A. Rose<br \/>\nGesch\u00e4ftsstelle und Postadresse:<br \/>\nSpielraum Pankow e.V. \/ Kinderbauernhof Pinke-Panke \/ ASP Franz B.<br \/>\nHomeyer Str. 27<br \/>\n13156 Berlin<\/p>\n<p><a href=\"http:\/\/www.kinderbauernhof-pinke-panke.de\/asp\/wp-content\/uploads\/2018\/05\/Web-ASP-Impressumkontakte.jpg\"><img loading=\"lazy\" decoding=\"async\" src=\"http:\/\/www.kinderbauernhof-pinke-panke.de\/asp\/wp-content\/uploads\/2018\/05\/Web-ASP-Impressumkontakte-300x176.jpg\" alt=\"\" width=\"300\" height=\"176\" class=\"alignnone size-medium wp-image-1885\" srcset=\"http:\/\/www.kinderbauernhof-pinke-panke.de\/asp\/wp-content\/uploads\/2018\/05\/Web-ASP-Impressumkontakte-300x176.jpg 300w, http:\/\/www.kinderbauernhof-pinke-panke.de\/asp\/wp-content\/uploads\/2018\/05\/Web-ASP-Impressumkontakte-768x449.jpg 768w, http:\/\/www.kinderbauernhof-pinke-panke.de\/asp\/wp-content\/uploads\/2018\/05\/Web-ASP-Impressumkontakte.jpg 810w\" sizes=\"auto, (max-width: 300px) 100vw, 300px\" \/><\/a><\/p>\n<p><b>Aktiv-Spiel-Platz FranzB<\/b><br \/>\nBlankenfelder Str. 106<br \/>\n13127 Berlin<\/p>\n<p><a href=\"http:\/\/www.kinderbauernhof-pinke-panke.de\/asp\/wp-content\/uploads\/2018\/05\/Web-ASP-Telefon.jpg\"><img loading=\"lazy\" decoding=\"async\" src=\"http:\/\/www.kinderbauernhof-pinke-panke.de\/asp\/wp-content\/uploads\/2018\/05\/Web-ASP-Telefon-300x176.jpg\" alt=\"\" width=\"300\" height=\"176\" class=\"alignnone size-medium wp-image-1879\" srcset=\"http:\/\/www.kinderbauernhof-pinke-panke.de\/asp\/wp-content\/uploads\/2018\/05\/Web-ASP-Telefon-300x176.jpg 300w, http:\/\/www.kinderbauernhof-pinke-panke.de\/asp\/wp-content\/uploads\/2018\/05\/Web-ASP-Telefon-768x449.jpg 768w, http:\/\/www.kinderbauernhof-pinke-panke.de\/asp\/wp-content\/uploads\/2018\/05\/Web-ASP-Telefon.jpg 810w\" sizes=\"auto, (max-width: 300px) 100vw, 300px\" \/><\/a><\/p>\n<p><strong>Haftungsausschlussklausel<\/strong><\/p>\n<p>Die Webseite des ASP Franz B. dient der Information seiner Besucher \u00fcber die Einrichtung und ihrer Veranstaltungen.<br \/>\nBei der Erstellung unserer Web-Site und der darin enthaltenen Daten und Dateien wurde mit gr\u00f6\u00dfter Sorgfalt vorgegangen. Trotz sorgf\u00e4ltiger Pr\u00fcfung k\u00f6nnen inhaltliche oder technische Fehler nicht vollst\u00e4ndig ausgeschlossen werden. Der ASP FranzB und die Autoren k\u00f6nnen f\u00fcr technische oder inhaltliche Fehler weder eine juristische Verantwortung noch irgendeine Haftung \u00fcbernehmen. Die Benutzung der Seiten erfolgt ausnahmslos wie sie stehen und liegen.<\/p>\n<p>F\u00fcr externe Links kann vom ASP FranzB oder den Autoren weder eine juristische Verantwortung noch irgendeine Haftung \u00fcbernommen werden. Ihre Inhalte stellen nicht unbedingt die Meinung des ASP FranzB dar und haben aus der Sicht des ASP FranzB grunds\u00e4tzlich nur informativen Charakter. Die Benutzung der externen Links erfolgt ausnahmslos wie sie stehen und liegen.<\/p>\n<p><strong>Urheberrechte \/ Patentschutz<\/strong><\/p>\n<p>Diese gesamte Web-Site, ihr Design, ihre Programmierung und ihre Inhalte ist urheberrechtlich gesch\u00fctzt. Kein Teil dieser Publikation, unserer gesamten Web-Site, Mailings oder anderer Materialien darf ohne ausdr\u00fcckliche schriftliche Genehmigung des ASP FranzB, des Kinderbauernhofes Pinke-Panke oder der mediadesign akademie in irgendeiner Form reproduziert oder unter Verwendung elektronischer Systeme verarbeitet, vervielf\u00e4ltigt oder verbreitet werden und ist grunds\u00e4tzlich nur nach schriftlicher Genehmigung und gegen ein gratis Belegexemplar m\u00f6glich.<\/p>\n<p>S\u00e4mtliche Ver\u00f6ffentlichungen in dieser Publikation, unseren Mailings oder anderen Materialien erfolgen ohne Ber\u00fccksichtigung eines eventuellen Namens- oder Patentschutzes. Warennamen werden ohne Gew\u00e4hrleistung einer freien Verwendung zu rein informativen Zwecken benutzt.<\/p>\n<p>Die verwendeten Texte und Bilder unterliegen dem Urheberschutz. Eine wie auch immer gestaltete Nutzung und Verwendung der Werke ist ohne Genehmigung des ASP FranzB, der mediadesign akademie bzw. den Inhabern der Nutzungs- und Verwertungsrechte nicht gestattet.<\/p>\n<p>Copyright (c)ASP FranzB, Kinderbauernhof Pinke-Panke und mediadesign akademie<\/p>\n<p>Alle Rechte vorbehalten &#8211; All rights reserved.<\/p>\n<p><code><a class=\"scss3b-button scss3b-button-bluegray\" href=\"http:\/\/www.asp-franz-b.de\">Zur\u00fcck zur Startseite (HOME)<\/a><\/code><\/p>\n","protected":false},"excerpt":{"rendered":"<p>Impressum, Nutzungsbestimmungen, Haftungsausschluss, Datenschutzerkl\u00e4rung und Urheberrechte Kinderbauernhof Pinke-Panke \/ ASP Franz B. Leiterin: Frau A. Rose Gesch\u00e4ftsstelle und Postadresse: Spielraum Pankow e.V. \/ Kinderbauernhof Pinke-Panke \/ ASP Franz B. Homeyer Str. 27 13156 Berlin Aktiv-Spiel-Platz FranzB Blankenfelder Str. 106 13127 Berlin Haftungsausschlussklausel Die Webseite des ASP Franz B. dient der Information seiner Besucher \u00fcber die [&hellip;]<\/p>\n","protected":false},"author":1,"featured_media":0,"parent":0,"menu_order":0,"comment_status":"closed","ping_status":"closed","template":"","meta":{"footnotes":""},"class_list":["post-5","page","type-page","status-publish","hentry"],"_links":{"self":[{"href":"http:\/\/www.kinderbauernhof-pinke-panke.de\/asp\/index.php?rest_route=\/wp\/v2\/pages\/5","targetHints":{"allow":["GET"]}}],"collection":[{"href":"http:\/\/www.kinderbauernhof-pinke-panke.de\/asp\/index.php?rest_route=\/wp\/v2\/pages"}],"about":[{"href":"http:\/\/www.kinderbauernhof-pinke-panke.de\/asp\/index.php?rest_route=\/wp\/v2\/types\/page"}],"author":[{"embeddable":true,"href":"http:\/\/www.kinderbauernhof-pinke-panke.de\/asp\/index.php?rest_route=\/wp\/v2\/users\/1"}],"replies":[{"embeddable":true,"href":"http:\/\/www.kinderbauernhof-pinke-panke.de\/asp\/index.php?rest_route=%2Fwp%2Fv2%2Fcomments&post=5"}],"version-history":[{"count":26,"href":"http:\/\/www.kinderbauernhof-pinke-panke.de\/asp\/index.php?rest_route=\/wp\/v2\/pages\/5\/revisions"}],"predecessor-version":[{"id":1886,"href":"http:\/\/www.kinderbauernhof-pinke-panke.de\/asp\/index.php?rest_route=\/wp\/v2\/pages\/5\/revisions\/1886"}],"wp:attachment":[{"href":"http:\/\/www.kinderbauernhof-pinke-panke.de\/asp\/index.php?rest_route=%2Fwp%2Fv2%2Fmedia&parent=5"}],"curies":[{"name":"wp","href":"https:\/\/api.w.org\/{rel}","templated":true}]}}