{"id":2304,"date":"2019-06-04T22:26:01","date_gmt":"2019-06-04T20:26:01","guid":{"rendered":"http:\/\/www.kinderbauernhof-pinke-panke.de\/asp\/?page_id=2304"},"modified":"2020-12-09T10:48:01","modified_gmt":"2020-12-09T08:48:01","slug":"gruppen-beitraege","status":"publish","type":"page","link":"http:\/\/www.kinderbauernhof-pinke-panke.de\/asp\/?page_id=2304","title":{"rendered":"Gruppen und Beitr\u00e4ge"},"content":{"rendered":"\n<p>Das Spielen auf dem ASP Franz B. ist im t\u00e4glichen Normalbetrieb, w\u00e4hrend der offiziellen \u00d6ffnungszeiten, f\u00fcr alle Kinder  k o s t e n l o s. F\u00fcr die,  dar\u00fcber hinausgehende Nutzung unserer Einrichtung, m\u00fcssen wir nachstehende unterhaltsunterst\u00fctzende Beitr\u00e4ge erheben.<\/p>\n\n\n\n<figure class=\"wp-block-image\"><img loading=\"lazy\" decoding=\"async\" width=\"665\" height=\"636\" src=\"http:\/\/www.kinderbauernhof-pinke-panke.de\/asp\/wp-content\/uploads\/2019\/06\/Gruppen-und-Beitr\u00e4ge.jpg\" alt=\"\" class=\"wp-image-2426\" srcset=\"http:\/\/www.kinderbauernhof-pinke-panke.de\/asp\/wp-content\/uploads\/2019\/06\/Gruppen-und-Beitr\u00e4ge.jpg 665w, http:\/\/www.kinderbauernhof-pinke-panke.de\/asp\/wp-content\/uploads\/2019\/06\/Gruppen-und-Beitr\u00e4ge-300x287.jpg 300w\" sizes=\"auto, (max-width: 665px) 100vw, 665px\" \/><\/figure>\n","protected":false},"excerpt":{"rendered":"<p>Das Spielen auf dem ASP Franz B. ist im t\u00e4glichen Normalbetrieb, w\u00e4hrend der offiziellen \u00d6ffnungszeiten, f\u00fcr alle Kinder k o s t e n l o s. F\u00fcr die, dar\u00fcber hinausgehende Nutzung unserer Einrichtung, m\u00fcssen wir nachstehende unterhaltsunterst\u00fctzende Beitr\u00e4ge erheben.<\/p>\n","protected":false},"author":1,"featured_media":0,"parent":0,"menu_order":0,"comment_status":"closed","ping_status":"closed","template":"","meta":{"footnotes":""},"class_list":["post-2304","page","type-page","status-publish","hentry"],"_links":{"self":[{"href":"http:\/\/www.kinderbauernhof-pinke-panke.de\/asp\/index.php?rest_route=\/wp\/v2\/pages\/2304","targetHints":{"allow":["GET"]}}],"collection":[{"href":"http:\/\/www.kinderbauernhof-pinke-panke.de\/asp\/index.php?rest_route=\/wp\/v2\/pages"}],"about":[{"href":"http:\/\/www.kinderbauernhof-pinke-panke.de\/asp\/index.php?rest_route=\/wp\/v2\/types\/page"}],"author":[{"embeddable":true,"href":"http:\/\/www.kinderbauernhof-pinke-panke.de\/asp\/index.php?rest_route=\/wp\/v2\/users\/1"}],"replies":[{"embeddable":true,"href":"http:\/\/www.kinderbauernhof-pinke-panke.de\/asp\/index.php?rest_route=%2Fwp%2Fv2%2Fcomments&post=2304"}],"version-history":[{"count":7,"href":"http:\/\/www.kinderbauernhof-pinke-panke.de\/asp\/index.php?rest_route=\/wp\/v2\/pages\/2304\/revisions"}],"predecessor-version":[{"id":3137,"href":"http:\/\/www.kinderbauernhof-pinke-panke.de\/asp\/index.php?rest_route=\/wp\/v2\/pages\/2304\/revisions\/3137"}],"wp:attachment":[{"href":"http:\/\/www.kinderbauernhof-pinke-panke.de\/asp\/index.php?rest_route=%2Fwp%2Fv2%2Fmedia&parent=2304"}],"curies":[{"name":"wp","href":"https:\/\/api.w.org\/{rel}","templated":true}]}}