{"id":1862,"date":"2018-05-03T16:00:34","date_gmt":"2018-05-03T14:00:34","guid":{"rendered":"http:\/\/www.kinderbauernhof-pinke-panke.de\/asp\/?page_id=1862"},"modified":"2019-06-06T10:34:57","modified_gmt":"2019-06-06T08:34:57","slug":"datenschutzerklaerung","status":"publish","type":"page","link":"http:\/\/www.kinderbauernhof-pinke-panke.de\/asp\/?page_id=1862","title":{"rendered":"Datenschutzerkl\u00e4rung"},"content":{"rendered":"<p><strong>entsprechend DSGVO <\/strong><\/p>\n<p><strong>Nutzungsdaten<\/strong><br \/>\nDie Webseite des ASP Franz B. verwendet keine Web-Formulare, Newsletter, Cookies noch Analyse- oder Tageting- bzw. Audience Optimisation Tools. Trotzdem werden beim Zugriff automatisch Informationen allgemeiner Natur erfasst. Diese Information sind f\u00fcr den Verbindungsaufbau und die korrekte Anzeige der Inhalte notwendig und lassen keine R\u00fcckschl\u00fcsse auf Ihre Person zu.<\/p>\n<p><strong>weiterf\u00fchrende Links zu anderen Webseiten<\/strong><br \/>\nDie Kenntlichmachung, sowie die Verwendung von Analysetools, Cookies und anderen Datenerfassungsm\u00f6glichkeiten auf Webseiten, welche eventuell \u00fcber weiterf\u00fchrende Links erreicht werden k\u00f6nnen, liegt allein in der Verantwortung deren Betreiber.<\/p>\n<p><strong>personenbezogene Daten<\/strong><br \/>\nDurch die ASP Webseite selbst k\u00f6nnen keine personenbezogenen Daten im Sinne der EU-DSGVO, sowie des BDSG, \u00fcbermittelt oder gespeichert werden.<br \/>\nEine von ihnen veranlasste und willentlich durchgef\u00fchrte \u00dcbermittlung pers\u00f6nlicher, elektronischer Daten, zu einem bestimmten Zweck (zB. Kontaktaufnahme, Anfragen), ist nur \u00fcber ihr eigenes pers\u00f6nliches Emailprogramm, zum Email- Postfach des ASP bzw. des Vereines Spielraum Pankow, m\u00f6glich.<\/p>\n<p><strong>Datenminimierung und Sicherheit <\/strong><br \/>\nDie durch ihr eigenes SSL verschl\u00fcsseltes Emailprogramm \u00fcbermittelten elektronischen Daten werden nur f\u00fcr die Dauer eines eventuellen Vertrages, bzw. die Bearbeitung ihres Anliegens, elektronisch gesichert verwendet und danach schnellst m\u00f6glich und unwiederbringlich gel\u00f6scht.<\/p>\n<p><strong>Auskunftsrecht<\/strong><br \/>\nBei Fragen zu ihren pers\u00f6nlichen Daten, deren Nutzung, Verarbeitung, Speicherung, Sperrung oder L\u00f6schung, k\u00f6nnen sie sich jeder Zeit an unseren Datenschutzbeauftragten wenden.<br \/>\nGrunds\u00e4tzlich werden Daten nicht zweckentfremdet verwendet oder ohne ihre ausdr\u00fcckliche Anweisung an Dritte weitergegeben.<\/p>\n<p><strong>Datenschutzbeauftragte<\/strong><br \/>\nDer Datenschutzbeauftragte unserer Einrichtung ist und unter &#8222;Dirk[at]asp-franz-b[Punkt]de&#8220; zu erreichen.<\/p>\n","protected":false},"excerpt":{"rendered":"<p>entsprechend DSGVO Nutzungsdaten Die Webseite des ASP Franz B. verwendet keine Web-Formulare, Newsletter, Cookies noch Analyse- oder Tageting- bzw. Audience Optimisation Tools. Trotzdem werden beim Zugriff automatisch Informationen allgemeiner Natur erfasst. Diese Information sind f\u00fcr den Verbindungsaufbau und die korrekte Anzeige der Inhalte notwendig und lassen keine R\u00fcckschl\u00fcsse auf Ihre Person zu. weiterf\u00fchrende Links zu [&hellip;]<\/p>\n","protected":false},"author":1,"featured_media":0,"parent":0,"menu_order":0,"comment_status":"closed","ping_status":"closed","template":"","meta":{"footnotes":""},"class_list":["post-1862","page","type-page","status-publish","hentry"],"_links":{"self":[{"href":"http:\/\/www.kinderbauernhof-pinke-panke.de\/asp\/index.php?rest_route=\/wp\/v2\/pages\/1862","targetHints":{"allow":["GET"]}}],"collection":[{"href":"http:\/\/www.kinderbauernhof-pinke-panke.de\/asp\/index.php?rest_route=\/wp\/v2\/pages"}],"about":[{"href":"http:\/\/www.kinderbauernhof-pinke-panke.de\/asp\/index.php?rest_route=\/wp\/v2\/types\/page"}],"author":[{"embeddable":true,"href":"http:\/\/www.kinderbauernhof-pinke-panke.de\/asp\/index.php?rest_route=\/wp\/v2\/users\/1"}],"replies":[{"embeddable":true,"href":"http:\/\/www.kinderbauernhof-pinke-panke.de\/asp\/index.php?rest_route=%2Fwp%2Fv2%2Fcomments&post=1862"}],"version-history":[{"count":21,"href":"http:\/\/www.kinderbauernhof-pinke-panke.de\/asp\/index.php?rest_route=\/wp\/v2\/pages\/1862\/revisions"}],"predecessor-version":[{"id":2431,"href":"http:\/\/www.kinderbauernhof-pinke-panke.de\/asp\/index.php?rest_route=\/wp\/v2\/pages\/1862\/revisions\/2431"}],"wp:attachment":[{"href":"http:\/\/www.kinderbauernhof-pinke-panke.de\/asp\/index.php?rest_route=%2Fwp%2Fv2%2Fmedia&parent=1862"}],"curies":[{"name":"wp","href":"https:\/\/api.w.org\/{rel}","templated":true}]}}