{"id":172,"date":"2018-05-02T13:22:15","date_gmt":"2018-05-02T11:22:15","guid":{"rendered":"http:\/\/www.kinderbauernhof-pinke-panke.de\/asp\/?page_id=172"},"modified":"2024-07-04T20:15:28","modified_gmt":"2024-07-04T18:15:28","slug":"kontakt","status":"publish","type":"page","link":"http:\/\/www.kinderbauernhof-pinke-panke.de\/asp\/?page_id=172","title":{"rendered":"Kontakt"},"content":{"rendered":"<p>F\u00fcr Anfragen zu Kindergeburtstagen, Kita- oder Klassenfeiern auf dem ASP Franz B. <strong>nutzen sie bitte vorrangig den Kontakt per Platz-Telefon. (zu den \u00d6ffnungszeiten) <\/strong>Dann k\u00f6nnen wir die Planung direkt mit unserem Terminkalender vor Ort abstimmen.<br \/>\n<a href=\"http:\/\/www.kinderbauernhof-pinke-panke.de\/asp\/wp-content\/uploads\/2018\/05\/Web-ASP-Telefon.jpg\"><img loading=\"lazy\" decoding=\"async\" class=\"alignnone size-medium wp-image-1879\" src=\"http:\/\/www.kinderbauernhof-pinke-panke.de\/asp\/wp-content\/uploads\/2018\/05\/Web-ASP-Telefon-300x176.jpg\" alt=\"\" width=\"300\" height=\"176\" srcset=\"http:\/\/www.kinderbauernhof-pinke-panke.de\/asp\/wp-content\/uploads\/2018\/05\/Web-ASP-Telefon-300x176.jpg 300w, http:\/\/www.kinderbauernhof-pinke-panke.de\/asp\/wp-content\/uploads\/2018\/05\/Web-ASP-Telefon-768x449.jpg 768w, http:\/\/www.kinderbauernhof-pinke-panke.de\/asp\/wp-content\/uploads\/2018\/05\/Web-ASP-Telefon.jpg 810w\" sizes=\"auto, (max-width: 300px) 100vw, 300px\" \/><\/a><br \/>\n(innerhalb der \u00d6ffnungszeiten des ASP Franz B.)<\/p>\n<p>F\u00fcr weitere Anliegen k\u00f6nnen sie uns auch per Email erreichen.<\/p>\n<p>Bitte gebt in der Email m\u00f6glichst Eure Mobil Telefonnummer mit an, falls es sehr wichtig ist oder ihr ein schnellen R\u00fcckruf w\u00fcnscht.<br \/>\n<a href=\"http:\/\/www.kinderbauernhof-pinke-panke.de\/asp\/wp-content\/uploads\/2018\/05\/Web-ASP-Email.jpg\"><img loading=\"lazy\" decoding=\"async\" class=\"alignnone size-medium wp-image-1878\" src=\"http:\/\/www.kinderbauernhof-pinke-panke.de\/asp\/wp-content\/uploads\/2018\/05\/Web-ASP-Email-300x176.jpg\" alt=\"\" width=\"300\" height=\"176\" srcset=\"http:\/\/www.kinderbauernhof-pinke-panke.de\/asp\/wp-content\/uploads\/2018\/05\/Web-ASP-Email-300x176.jpg 300w, http:\/\/www.kinderbauernhof-pinke-panke.de\/asp\/wp-content\/uploads\/2018\/05\/Web-ASP-Email-768x449.jpg 768w, http:\/\/www.kinderbauernhof-pinke-panke.de\/asp\/wp-content\/uploads\/2018\/05\/Web-ASP-Email.jpg 810w\" sizes=\"auto, (max-width: 300px) 100vw, 300px\" \/><\/a><\/p>\n<p>Bei Fragen zum sicheren Umgang mit pers\u00f6nlichen Daten beachten Sie bitte unsere <span style=\"color: #ff0000;\"><a style=\"color: #ff0000;\" href=\"http:\/\/www.kinderbauernhof-pinke-panke.de\/asp\/?page_id=1862\"><strong>Datenschutzerkl\u00e4rung<\/strong><\/a><\/span>.<\/p>\n<p><code><a class=\"scss3b-button scss3b-button-bluegray\" href=\"http:\/\/www.asp-franz-b.de\">Zur\u00fcck zur HOME-Seite<\/a><\/code><\/p>\n","protected":false},"excerpt":{"rendered":"<p>F\u00fcr Anfragen zu Kindergeburtstagen, Kita- oder Klassenfeiern auf dem ASP Franz B. nutzen sie bitte vorrangig den Kontakt per Platz-Telefon. (zu den \u00d6ffnungszeiten) Dann k\u00f6nnen wir die Planung direkt mit unserem Terminkalender vor Ort abstimmen. (innerhalb der \u00d6ffnungszeiten des ASP Franz B.) F\u00fcr weitere Anliegen k\u00f6nnen sie uns auch per Email erreichen. Bitte gebt in [&hellip;]<\/p>\n","protected":false},"author":1,"featured_media":0,"parent":0,"menu_order":0,"comment_status":"closed","ping_status":"closed","template":"","meta":{"footnotes":""},"class_list":["post-172","page","type-page","status-publish","hentry"],"_links":{"self":[{"href":"http:\/\/www.kinderbauernhof-pinke-panke.de\/asp\/index.php?rest_route=\/wp\/v2\/pages\/172","targetHints":{"allow":["GET"]}}],"collection":[{"href":"http:\/\/www.kinderbauernhof-pinke-panke.de\/asp\/index.php?rest_route=\/wp\/v2\/pages"}],"about":[{"href":"http:\/\/www.kinderbauernhof-pinke-panke.de\/asp\/index.php?rest_route=\/wp\/v2\/types\/page"}],"author":[{"embeddable":true,"href":"http:\/\/www.kinderbauernhof-pinke-panke.de\/asp\/index.php?rest_route=\/wp\/v2\/users\/1"}],"replies":[{"embeddable":true,"href":"http:\/\/www.kinderbauernhof-pinke-panke.de\/asp\/index.php?rest_route=%2Fwp%2Fv2%2Fcomments&post=172"}],"version-history":[{"count":100,"href":"http:\/\/www.kinderbauernhof-pinke-panke.de\/asp\/index.php?rest_route=\/wp\/v2\/pages\/172\/revisions"}],"predecessor-version":[{"id":4342,"href":"http:\/\/www.kinderbauernhof-pinke-panke.de\/asp\/index.php?rest_route=\/wp\/v2\/pages\/172\/revisions\/4342"}],"wp:attachment":[{"href":"http:\/\/www.kinderbauernhof-pinke-panke.de\/asp\/index.php?rest_route=%2Fwp%2Fv2%2Fmedia&parent=172"}],"curies":[{"name":"wp","href":"https:\/\/api.w.org\/{rel}","templated":true}]}}